{"id":13875,"date":"2024-12-05T12:12:01","date_gmt":"2024-12-05T11:12:01","guid":{"rendered":"https:\/\/artinoffice.org\/?page_id=13875"},"modified":"2025-09-25T13:35:59","modified_gmt":"2025-09-25T12:35:59","slug":"art-gallery","status":"publish","type":"page","link":"https:\/\/artinoffice.org\/hu\/art-gallery\/","title":{"rendered":"Art Gallery"},"content":{"rendered":"<section class=\"l-section wpb_row us_custom_8b3d6790 has_text_color height_medium full_height valign_center with_video\"><style>@media(max-width:600px){#us_bg_video_g47f{display:none!important}}<\/style><div class=\"l-section-video\" id=\"us_bg_video_g47f\"><video muted loop autoplay playsinline preload=\"auto\"><source type=\"video\/mp4\" src=\"\/wp-content\/uploads\/2025\/03\/art-gallery-bg-video-fhd-24fps.mp4\" \/><\/video><\/div><div class=\"l-section-overlay\" style=\"background:rgba(37,40,43,0.75)\"><\/div><div class=\"l-section-h i-cf\"><div class=\"g-cols vc_row via_flex valign_top type_default stacking_default\"><div class=\"vc_col-sm-12 wpb_column vc_column_container\"><div class=\"vc_column-inner us_custom_d77bca1a us_animate_this\"><div class=\"wpb_wrapper\">[vc_custom_heading text=&#8221;Art Gallery&#8221; font_container=&#8221;tag:h1|font_size:3em|text_align:center&#8221; use_theme_fonts=&#8221;yes&#8221; css=&#8221;%7B%22default%22%3A%7B%22font-weight%22%3A%22800%22%2C%22margin-bottom%22%3A%221rem%22%7D%7D&#8221;]<div class=\"wpb_text_column\"><div class=\"wpb_wrapper\"><p style=\"text-align: center;\">2022-ben ker\u00fclt el\u0151sz\u00f6r megrendez\u00e9sre irod\u00e1nkban az Art Gallery, azaz az irodagal\u00e9ria, ezzel is t\u00e1mogatva kort\u00e1rs m\u0171v\u00e9szek, alkot\u00f3k munk\u00e1j\u00e1t. Sokat jelent sz\u00e1munkra, hogy irodater\u00fcnk gal\u00e9riak\u00e9nt is funkcion\u00e1l, hiszen a k\u00e9pek inspir\u00e1l\u00f3 l\u00e9gk\u00f6rt teremtenek. A ki\u00e1ll\u00edt\u00f3 m\u0171v\u00e9szek bemutathatj\u00e1k alkot\u00e1saikat az \u00e9rdekl\u0151d\u0151knek, \u00e9s a hozz\u00e1nk l\u00e1togat\u00f3k is megismerkedhetnek a ki\u00e1ll\u00edtott k\u00e9pekkel.<\/p>\n<\/div><\/div><\/div><\/div><\/div><\/div><\/div><\/section><section class=\"l-section wpb_row height_medium\"><div class=\"l-section-h i-cf\"><div class=\"g-cols vc_row via_flex valign_top type_default stacking_default\"><div class=\"vc_col-sm-12 wpb_column vc_column_container\"><div class=\"vc_column-inner us_custom_5947386e us_animate_this\"><div class=\"wpb_wrapper\">[vc_custom_heading text=&#8221;H\u00edreink&#8221; font_container=&#8221;tag:h2|font_size:32px|text_align:center&#8221; use_theme_fonts=&#8221;yes&#8221; css=&#8221;%7B%22default%22%3A%7B%22font-weight%22%3A%22800%22%2C%22margin-bottom%22%3A%221rem%22%7D%7D&#8221;]<\/div><\/div><\/div><div class=\"vc_col-sm-12 wpb_column vc_column_container\"><div class=\"vc_column-inner us_custom_19b02f41\"><div class=\"wpb_wrapper\"><div class=\"w-grid type_grid layout_8169 cols_3 overflow_hidden with_css_animation\" id=\"us_grid_1\" data-filterable=\"true\"><style>#us_grid_1 .w-grid-item{padding:1.5rem}#us_grid_1 .w-grid-list{margin:-1.5rem -1.5rem 1.5rem}.w-grid + #us_grid_1 .w-grid-list,.w-grid-none + #us_grid_1 .w-grid-list{margin-top:1.5rem}@media (max-width:768px){#us_grid_1 .w-grid-item{width:50%}}@media (max-width:768px){#us_grid_1 .w-grid-list{margin:0}#us_grid_1 .w-grid-item{width:100%;padding:0;margin-bottom:1.5rem}}.layout_8169 .w-grid-item-h{background:var(--color-content-bg);color:var(--color-content-text);border-radius:0.3rem;box-shadow:0 0.03rem 0.06rem rgba(0,0,0,0.1),0 0.1rem 0.3rem rgba(0,0,0,0.1);transition-duration:0.3s}.no-touch .layout_8169 .w-grid-item-h:hover{box-shadow:0 0.1rem 0.2rem rgba(0,0,0,0.1),0 0.33rem 1rem rgba(0,0,0,0.15);z-index:4}.layout_8169 .usg_image_1{transition-duration:0.3s;transform-origin:50% 50%;transform:scale(1) translate(0%,0%)}.layout_8169 .w-grid-item-h:hover .usg_image_1{transform:scale(1) translate(15%,0%);opacity:1}.layout_8169 .usg_post_image_1{height:15rem!important;margin-bottom:-2rem!important}.layout_8169 .usg_post_title_1{font-size:1.4rem!important;font-weight:700!important;min-height:60px!important}.layout_8169 .usg_vwrapper_1{height:330px!important;margin-top:2rem!important;padding:9% 11% 11% 11%!important}.layout_8169 .usg_hwrapper_1{color:var(--color-content-faded)!important;font-size:0.9rem!important}.layout_8169 .usg_post_content_1{max-height:140px!important;min-height:140px!important}.layout_8169 .usg_btn_1{margin:auto auto 0 1.5rem!important}.layout_8169 .usg_image_1{width:5rem!important;height:auto!important;margin:0 auto 1.5rem 2.5rem!important}.layout_8169 .usg_vwrapper_2{bottom:0!important}@media (min-width:769px) and (max-width:1280px){.layout_8169 .usg_vwrapper_1{height:330px!important}}@media (min-width:769px) and (max-width:768px){.layout_8169 .usg_vwrapper_1{height:auto!important}}@media (max-width:768px){.layout_8169 .usg_post_title_1{font-size:1.2rem!important}.layout_8169 .usg_vwrapper_1{height:auto!important}}<\/style><div class=\"w-grid-list\">\t<article class=\"w-grid-item us_animate_afb post-14403 post type-post status-publish format-standard has-post-thumbnail hentry category-art-gallery-hu category-art-of-info\" data-id=\"14403\" style=\"animation-delay:0s\">\n\t\t<div class=\"w-grid-item-h\">\n\t\t\t\t\t\t<div class=\"w-post-elm post_image usg_post_image_1 object-position-top has_height stretched\"><a href=\"https:\/\/artinoffice.org\/hu\/2025\/09\/25\/home-office\/\" aria-label=\"HOME \/\/ OFFICE\"><img loading=\"lazy\" decoding=\"async\" width=\"600\" height=\"600\" src=\"https:\/\/artinoffice.org\/wp-content\/uploads\/2025\/09\/silyejulia_art_9SQ4CrgBLX-600x600.jpg\" class=\"attachment-us_600_600_crop size-us_600_600_crop wp-post-image\" alt=\"\" srcset=\"https:\/\/artinoffice.org\/wp-content\/uploads\/2025\/09\/silyejulia_art_9SQ4CrgBLX-600x600.jpg 600w, https:\/\/artinoffice.org\/wp-content\/uploads\/2025\/09\/silyejulia_art_9SQ4CrgBLX-150x150.jpg 150w\" sizes=\"auto, (max-width: 600px) 100vw, 600px\" \/><\/a><\/div><div class=\"w-vwrapper usg_vwrapper_1 align_none valign_top\"><h2 class=\"w-post-elm post_title usg_post_title_1 entry-title color_link_inherit\"><a href=\"https:\/\/artinoffice.org\/hu\/2025\/09\/25\/home-office\/\">HOME \/\/ OFFICE<\/a><\/h2><div class=\"w-hwrapper usg_hwrapper_1 has_text_color align_justify valign_top wrap\" style=\"--hwrapper-gap:1.20rem\"><div class=\"w-post-elm post_content usg_post_content_1\"><p>Az ASTRASUN Solar Nyrt. els\u0151 irodagal\u00e9ria megnyit\u00f3j\u00e1ra k\u00e9sz\u00fcl 2025 m\u00e1rcius\u00e1ban.<\/p>\n<\/div><\/div><\/div><div class=\"w-vwrapper usg_vwrapper_2 align_none valign_top\"><a class=\"w-btn us-btn-style_30 usg_btn_1 icon_atright\" href=\"#\"><span class=\"w-btn-label\">B\u0151vebben<\/span><i class=\"fas fa-arrow-right\"><\/i><\/a><div class=\"w-image usg_image_1\"><div class=\"w-image-h\"><img loading=\"lazy\" decoding=\"async\" width=\"1024\" height=\"1024\" src=\"https:\/\/artinoffice.org\/wp-content\/uploads\/2023\/09\/elvalaszto.svg\" class=\"attachment-large size-large\" alt=\"\" \/><\/div><\/div><\/div>\t\t<\/div>\n\t<\/article>\n\t<article class=\"w-grid-item us_animate_afb post-14329 post type-post status-publish format-standard has-post-thumbnail hentry category-art-gallery-hu category-art-of-info\" data-id=\"14329\" style=\"animation-delay:0.1s\">\n\t\t<div class=\"w-grid-item-h\">\n\t\t\t\t\t\t<div class=\"w-post-elm post_image usg_post_image_1 object-position-top has_height stretched\"><a href=\"https:\/\/artinoffice.org\/hu\/2025\/03\/25\/uj-irodagaleria-nyilik-budan-a-ii-kerulet-sziveben\/\" aria-label=\"\u00daj irodagal\u00e9ria ny\u00edlik Bud\u00e1n, a II. ker\u00fclet sz\u00edv\u00e9ben.\"><img loading=\"lazy\" decoding=\"async\" width=\"600\" height=\"600\" src=\"https:\/\/artinoffice.org\/wp-content\/uploads\/2025\/03\/szimbiozis-min-600x600.webp\" class=\"attachment-us_600_600_crop size-us_600_600_crop wp-post-image\" alt=\"\" srcset=\"https:\/\/artinoffice.org\/wp-content\/uploads\/2025\/03\/szimbiozis-min-600x600.webp 600w, https:\/\/artinoffice.org\/wp-content\/uploads\/2025\/03\/szimbiozis-min-150x150.webp 150w\" sizes=\"auto, (max-width: 600px) 100vw, 600px\" \/><\/a><\/div><div class=\"w-vwrapper usg_vwrapper_1 align_none valign_top\"><h2 class=\"w-post-elm post_title usg_post_title_1 entry-title color_link_inherit\"><a href=\"https:\/\/artinoffice.org\/hu\/2025\/03\/25\/uj-irodagaleria-nyilik-budan-a-ii-kerulet-sziveben\/\">\u00daj irodagal\u00e9ria ny\u00edlik Bud\u00e1n, a II. ker\u00fclet sz\u00edv\u00e9ben.<\/a><\/h2><div class=\"w-hwrapper usg_hwrapper_1 has_text_color align_justify valign_top wrap\" style=\"--hwrapper-gap:1.20rem\"><div class=\"w-post-elm post_content usg_post_content_1\"><p>Az ASTRASUN Solar Nyrt. els\u0151 irodagal\u00e9ria megnyit\u00f3j\u00e1ra k\u00e9sz\u00fcl 2025 m\u00e1rcius\u00e1ban.<\/p>\n<\/div><\/div><\/div><div class=\"w-vwrapper usg_vwrapper_2 align_none valign_top\"><a class=\"w-btn us-btn-style_30 usg_btn_1 icon_atright\" href=\"#\"><span class=\"w-btn-label\">B\u0151vebben<\/span><i class=\"fas fa-arrow-right\"><\/i><\/a><div class=\"w-image usg_image_1\"><div class=\"w-image-h\"><img loading=\"lazy\" decoding=\"async\" width=\"1024\" height=\"1024\" src=\"https:\/\/artinoffice.org\/wp-content\/uploads\/2023\/09\/elvalaszto.svg\" class=\"attachment-large size-large\" alt=\"\" \/><\/div><\/div><\/div>\t\t<\/div>\n\t<\/article>\n\t<article class=\"w-grid-item us_animate_afb post-13710 post type-post status-publish format-standard has-post-thumbnail hentry category-art-gallery-hu category-art-of-info\" data-id=\"13710\" style=\"animation-delay:0.2s\">\n\t\t<div class=\"w-grid-item-h\">\n\t\t\t\t\t\t<div class=\"w-post-elm post_image usg_post_image_1 object-position-top has_height stretched\"><a href=\"https:\/\/artinoffice.org\/hu\/2024\/11\/18\/interju-gerendas-paulaval-az-art-gallery-2024-es-megnyitoja-kapcsan\/\" aria-label=\"Interj\u00fa Gerend\u00e1s Paul\u00e1val az Art Gallery 2024-es megnyit\u00f3ja kapcs\u00e1n\"><img loading=\"lazy\" decoding=\"async\" width=\"600\" height=\"600\" src=\"https:\/\/artinoffice.org\/wp-content\/uploads\/2024\/09\/Gerendas-Paula-portre-1-600x600.jpg\" class=\"attachment-us_600_600_crop size-us_600_600_crop wp-post-image\" alt=\"\" srcset=\"https:\/\/artinoffice.org\/wp-content\/uploads\/2024\/09\/Gerendas-Paula-portre-1-600x600.jpg 600w, https:\/\/artinoffice.org\/wp-content\/uploads\/2024\/09\/Gerendas-Paula-portre-1-150x150.jpg 150w\" sizes=\"auto, (max-width: 600px) 100vw, 600px\" \/><\/a><\/div><div class=\"w-vwrapper usg_vwrapper_1 align_none valign_top\"><h2 class=\"w-post-elm post_title usg_post_title_1 entry-title color_link_inherit\"><a href=\"https:\/\/artinoffice.org\/hu\/2024\/11\/18\/interju-gerendas-paulaval-az-art-gallery-2024-es-megnyitoja-kapcsan\/\">Interj\u00fa Gerend\u00e1s Paul\u00e1val az Art Gallery 2024-es megnyit\u00f3ja kapcs\u00e1n<\/a><\/h2><div class=\"w-hwrapper usg_hwrapper_1 has_text_color align_justify valign_top wrap\" style=\"--hwrapper-gap:1.20rem\"><div class=\"w-post-elm post_content usg_post_content_1\"><p>Gerend\u00e1s Paula mu\u030bv\u00e9szete \u00e9s elhivatotts\u00e1ga inspir\u00e1l\u00f3 p\u00e9ld\u00e1t mutat mindannyiunk sz\u00e1m\u00e1ra. Az alkot\u00e1s ir\u00e1nti szenved\u00e9lye \u00e9s a sz\u00e9ps\u00e9g keres\u00e9se minden egyes festm\u00e9ny\u00e9ben megmutatkozik.<\/p>\n<\/div><\/div><\/div><div class=\"w-vwrapper usg_vwrapper_2 align_none valign_top\"><a class=\"w-btn us-btn-style_30 usg_btn_1 icon_atright\" href=\"#\"><span class=\"w-btn-label\">B\u0151vebben<\/span><i class=\"fas fa-arrow-right\"><\/i><\/a><div class=\"w-image usg_image_1\"><div class=\"w-image-h\"><img loading=\"lazy\" decoding=\"async\" width=\"1024\" height=\"1024\" src=\"https:\/\/artinoffice.org\/wp-content\/uploads\/2023\/09\/elvalaszto.svg\" class=\"attachment-large size-large\" alt=\"\" \/><\/div><\/div><\/div>\t\t<\/div>\n\t<\/article>\n<\/div><div class=\"w-grid-preloader\"><div class=\"g-preloader type_1\">\n\t<div><\/div>\n<\/div>\n<\/div>\t\t<div class=\"g-loadmore \">\n\t\t\t<div class=\"g-preloader type_1\">\n\t\t\t\t<div><\/div>\n\t\t\t<\/div>\n\t\t\t<button class=\"w-btn us-btn-style_1\">\n\t\t\t\t<span class=\"w-btn-label\">Kor\u00e1bbi h\u00edrek<\/span>\n\t\t\t<\/button>\n\t\t<\/div>\n\t\t\t<div class=\"w-grid-json hidden\" onclick='return {&quot;action&quot;:&quot;us_ajax_grid&quot;,&quot;ajax_url&quot;:&quot;https:\\\/\\\/artinoffice.org\\\/wp-admin\\\/admin-ajax.php&quot;,&quot;infinite_scroll&quot;:0,&quot;max_num_pages&quot;:3,&quot;pagination&quot;:&quot;ajax&quot;,&quot;permalink_url&quot;:&quot;https:\\\/\\\/artinoffice.org\\\/hu\\\/wp-json\\\/wp\\\/v2\\\/pages\\\/13875\\\/&quot;,&quot;template_vars&quot;:{&quot;columns&quot;:&quot;3&quot;,&quot;exclude_items&quot;:&quot;none&quot;,&quot;img_size&quot;:&quot;default&quot;,&quot;ignore_items_size&quot;:0,&quot;items_layout&quot;:&quot;8169&quot;,&quot;items_offset&quot;:&quot;1&quot;,&quot;load_animation&quot;:&quot;afb&quot;,&quot;overriding_link&quot;:&quot;none&quot;,&quot;post_id&quot;:0,&quot;query_args&quot;:{&quot;post_type&quot;:[&quot;post&quot;],&quot;tax_query&quot;:[{&quot;taxonomy&quot;:&quot;category&quot;,&quot;field&quot;:&quot;slug&quot;,&quot;terms&quot;:[&quot;art-gallery-hu&quot;]}],&quot;post_status&quot;:[&quot;publish&quot;,&quot;acf-disabled&quot;],&quot;posts_per_page&quot;:&quot;3&quot;},&quot;orderby_query_args&quot;:{&quot;orderby&quot;:{&quot;date&quot;:&quot;DESC&quot;}},&quot;type&quot;:&quot;grid&quot;,&quot;us_grid_ajax_index&quot;:1,&quot;us_grid_filter_params&quot;:null,&quot;us_grid_index&quot;:1,&quot;_us_grid_post_type&quot;:&quot;post&quot;,&quot;page_args&quot;:[]}}'><\/div>\n\t<\/div><\/div><\/div><\/div><div class=\"vc_col-sm-12 wpb_column vc_column_container\"><div class=\"vc_column-inner us_custom_60e9caca us_animate_this\"><div class=\"wpb_wrapper\"><div class=\"w-actionbox color_light controls_right\"><div class=\"w-actionbox-text\"><h2 class=\"w-actionbox-title\">Gal\u00e9ri\u00e1nk el\u0151zetes bejelentkez\u00e9s ut\u00e1n l\u00e1togathat\u00f3!<\/h2><div class=\"w-actionbox-description\"><p>Bejelentkezni az <strong><span style=\"color: #ffffff; text-decoration: underline;\"><a href=\"mailto:info@artofinfo.eu\">info@artofinfo.eu<\/a><\/span><\/strong> c\u00edmen vagy az oldalon tal\u00e1lhat\u00f3 \u0171rlapon lehets\u00e9ges!<br \/>\n<strong>V\u00e1runk mindenkit szeretettel!<\/strong><\/p>\n<\/div><\/div><div class=\"w-actionbox-controls\"><a class=\"w-btn us-btn-style_1 icon_atright\" title=\"Gal\u00e9ria l\u00e1togat\u00e1s\" href=\"http:\/\/artinoffice.org\/galeria-latogatas\/\"><span class=\"w-btn-label\">Bejelentkez\u00e9s<\/span><i class=\"fas fa-angle-right\"><\/i><\/a><\/div><\/div><\/div><\/div><\/div><\/div><\/div><\/section><section class=\"l-section wpb_row height_medium\"><div class=\"l-section-h i-cf\"><div class=\"g-cols vc_row via_flex valign_top type_default stacking_default\"><div class=\"vc_col-sm-12 wpb_column vc_column_container\"><div class=\"vc_column-inner\"><div class=\"wpb_wrapper\"><div class=\"w-html\"><script>\n\/\/ Select the paragraph inside your div\nconst paragraph = document.querySelector('.w-hwrapper .w-post-elm p');\n\n\/\/ Check if the paragraph exists, then update the text\nif (paragraph) {\n  paragraph.textContent = '2025. okt\u00f3ber 3-\u00e1n \u00f6t\u00f6dik alkalommal ker\u00fcl megrendez\u00e9sre Irodagal\u00e9ria megnyit\u00f3nk az ARTofINFO irod\u00e1ban!';\n}\n<\/script><\/div><\/div><\/div><\/div><\/div><\/div><\/section>\n","protected":false},"excerpt":{"rendered":"Interj\u00fa Gerend\u00e1s Paul\u00e1val az Art Gallery 2024-es megnyit\u00f3ja kapcs\u00e1nGerend\u00e1s Paula mu\u030bv\u00e9szete \u00e9s elhivatotts\u00e1ga inspir\u00e1l\u00f3 p\u00e9ld\u00e1t mutat mindannyiunk sz\u00e1m\u00e1ra. Az alkot\u00e1s ir\u00e1nti szenved\u00e9lye \u00e9s a sz\u00e9ps\u00e9g keres\u00e9se minden egyes festm\u00e9ny\u00e9ben megmutatkozik. Ahogy Paula mondja, a mu\u030bv\u00e9szet nem csup\u00e1n eszt\u00e9tikai \u00e9lm\u00e9ny, hanem egy eszk\u00f6z arra, hogy jobb kedvre der\u00fclj\u00fcnk szeml\u00e9lo\u030bk\u00e9nt \u00e9s alkot\u00f3k\u00e9nt egyar\u00e1nt. Az o\u030b t\u00f6rt\u00e9nete arra...","protected":false},"author":123462,"featured_media":0,"parent":0,"menu_order":0,"comment_status":"closed","ping_status":"closed","template":"","meta":{"_acf_changed":false,"footnotes":""},"class_list":["post-13875","page","type-page","status-publish","hentry"],"acf":[],"yoast_head":"<!-- This site is optimized with the Yoast SEO plugin v24.7 - https:\/\/yoast.com\/wordpress\/plugins\/seo\/ -->\n<title>Art Gallery - ARTinOFFICE<\/title>\n<meta name=\"robots\" content=\"index, follow, max-snippet:-1, max-image-preview:large, max-video-preview:-1\" \/>\n<link rel=\"canonical\" href=\"https:\/\/artinoffice.org\/hu\/art-gallery\/\" \/>\n<meta property=\"og:locale\" content=\"hu_HU\" \/>\n<meta property=\"og:type\" content=\"article\" \/>\n<meta property=\"og:title\" content=\"Art Gallery - ARTinOFFICE\" \/>\n<meta property=\"og:url\" content=\"https:\/\/artinoffice.org\/hu\/art-gallery\/\" \/>\n<meta property=\"og:site_name\" content=\"ARTinOFFICE\" \/>\n<meta property=\"article:publisher\" content=\"https:\/\/www.facebook.com\/artofinfo\/\" \/>\n<meta property=\"article:modified_time\" content=\"2025-09-25T12:35:59+00:00\" \/>\n<meta name=\"twitter:card\" content=\"summary_large_image\" \/>\n<meta name=\"twitter:label1\" content=\"Becs\u00fclt olvas\u00e1si id\u0151\" \/>\n\t<meta name=\"twitter:data1\" content=\"1 perc\" \/>\n<script type=\"application\/ld+json\" class=\"yoast-schema-graph\">{\"@context\":\"https:\/\/schema.org\",\"@graph\":[{\"@type\":\"WebPage\",\"@id\":\"https:\/\/artinoffice.org\/hu\/art-gallery\/\",\"url\":\"https:\/\/artinoffice.org\/hu\/art-gallery\/\",\"name\":\"Art Gallery - ARTinOFFICE\",\"isPartOf\":{\"@id\":\"\/#website\"},\"datePublished\":\"2024-12-05T11:12:01+00:00\",\"dateModified\":\"2025-09-25T12:35:59+00:00\",\"breadcrumb\":{\"@id\":\"https:\/\/artinoffice.org\/hu\/art-gallery\/#breadcrumb\"},\"inLanguage\":\"hu\",\"potentialAction\":[{\"@type\":\"ReadAction\",\"target\":[\"https:\/\/artinoffice.org\/hu\/art-gallery\/\"]}]},{\"@type\":\"BreadcrumbList\",\"@id\":\"https:\/\/artinoffice.org\/hu\/art-gallery\/#breadcrumb\",\"itemListElement\":[{\"@type\":\"ListItem\",\"position\":1,\"name\":\"Home\",\"item\":\"https:\/\/artinoffice.org\/hu\/\"},{\"@type\":\"ListItem\",\"position\":2,\"name\":\"Art Gallery\"}]},{\"@type\":\"WebSite\",\"@id\":\"\/#website\",\"url\":\"\/\",\"name\":\"artofinfo\",\"description\":\"\",\"publisher\":{\"@id\":\"\/#organization\"},\"potentialAction\":[{\"@type\":\"SearchAction\",\"target\":{\"@type\":\"EntryPoint\",\"urlTemplate\":\"\/?s={search_term_string}\"},\"query-input\":{\"@type\":\"PropertyValueSpecification\",\"valueRequired\":true,\"valueName\":\"search_term_string\"}}],\"inLanguage\":\"hu\"},{\"@type\":\"Organization\",\"@id\":\"\/#organization\",\"name\":\"ARTofINFO Kft.\",\"url\":\"\/\",\"logo\":{\"@type\":\"ImageObject\",\"inLanguage\":\"hu\",\"@id\":\"\/#\/schema\/logo\/image\/\",\"url\":\"http:\/\/artinoffice.org\/wp-content\/uploads\/2023\/09\/artofinfo_logo_website.svg\",\"contentUrl\":\"http:\/\/artinoffice.org\/wp-content\/uploads\/2023\/09\/artofinfo_logo_website.svg\",\"width\":\"1024\",\"height\":\"1024\",\"caption\":\"ARTofINFO Kft.\"},\"image\":{\"@id\":\"\/#\/schema\/logo\/image\/\"},\"sameAs\":[\"https:\/\/www.facebook.com\/artofinfo\/\",\"https:\/\/www.instagram.com\/artofinfokft\/\",\"https:\/\/hu.linkedin.com\/company\/artofinfo\",\"https:\/\/dreamjobs.hu\/hu\/company\/artofinfo-kft\"]}]}<\/script>\n<!-- \/ Yoast SEO plugin. -->","yoast_head_json":{"title":"Art Gallery - ARTinOFFICE","robots":{"index":"index","follow":"follow","max-snippet":"max-snippet:-1","max-image-preview":"max-image-preview:large","max-video-preview":"max-video-preview:-1"},"canonical":"https:\/\/artinoffice.org\/hu\/art-gallery\/","og_locale":"hu_HU","og_type":"article","og_title":"Art Gallery - ARTinOFFICE","og_url":"https:\/\/artinoffice.org\/hu\/art-gallery\/","og_site_name":"ARTinOFFICE","article_publisher":"https:\/\/www.facebook.com\/artofinfo\/","article_modified_time":"2025-09-25T12:35:59+00:00","twitter_card":"summary_large_image","twitter_misc":{"Becs\u00fclt olvas\u00e1si id\u0151":"1 perc"},"schema":{"@context":"https:\/\/schema.org","@graph":[{"@type":"WebPage","@id":"https:\/\/artinoffice.org\/hu\/art-gallery\/","url":"https:\/\/artinoffice.org\/hu\/art-gallery\/","name":"Art Gallery - ARTinOFFICE","isPartOf":{"@id":"\/#website"},"datePublished":"2024-12-05T11:12:01+00:00","dateModified":"2025-09-25T12:35:59+00:00","breadcrumb":{"@id":"https:\/\/artinoffice.org\/hu\/art-gallery\/#breadcrumb"},"inLanguage":"hu","potentialAction":[{"@type":"ReadAction","target":["https:\/\/artinoffice.org\/hu\/art-gallery\/"]}]},{"@type":"BreadcrumbList","@id":"https:\/\/artinoffice.org\/hu\/art-gallery\/#breadcrumb","itemListElement":[{"@type":"ListItem","position":1,"name":"Home","item":"https:\/\/artinoffice.org\/hu\/"},{"@type":"ListItem","position":2,"name":"Art Gallery"}]},{"@type":"WebSite","@id":"\/#website","url":"\/","name":"artofinfo","description":"","publisher":{"@id":"\/#organization"},"potentialAction":[{"@type":"SearchAction","target":{"@type":"EntryPoint","urlTemplate":"\/?s={search_term_string}"},"query-input":{"@type":"PropertyValueSpecification","valueRequired":true,"valueName":"search_term_string"}}],"inLanguage":"hu"},{"@type":"Organization","@id":"\/#organization","name":"ARTofINFO Kft.","url":"\/","logo":{"@type":"ImageObject","inLanguage":"hu","@id":"\/#\/schema\/logo\/image\/","url":"http:\/\/artinoffice.org\/wp-content\/uploads\/2023\/09\/artofinfo_logo_website.svg","contentUrl":"http:\/\/artinoffice.org\/wp-content\/uploads\/2023\/09\/artofinfo_logo_website.svg","width":"1024","height":"1024","caption":"ARTofINFO Kft."},"image":{"@id":"\/#\/schema\/logo\/image\/"},"sameAs":["https:\/\/www.facebook.com\/artofinfo\/","https:\/\/www.instagram.com\/artofinfokft\/","https:\/\/hu.linkedin.com\/company\/artofinfo","https:\/\/dreamjobs.hu\/hu\/company\/artofinfo-kft"]}]}},"_links":{"self":[{"href":"https:\/\/artinoffice.org\/hu\/wp-json\/wp\/v2\/pages\/13875","targetHints":{"allow":["GET"]}}],"collection":[{"href":"https:\/\/artinoffice.org\/hu\/wp-json\/wp\/v2\/pages"}],"about":[{"href":"https:\/\/artinoffice.org\/hu\/wp-json\/wp\/v2\/types\/page"}],"author":[{"embeddable":true,"href":"https:\/\/artinoffice.org\/hu\/wp-json\/wp\/v2\/users\/123462"}],"replies":[{"embeddable":true,"href":"https:\/\/artinoffice.org\/hu\/wp-json\/wp\/v2\/comments?post=13875"}],"version-history":[{"count":14,"href":"https:\/\/artinoffice.org\/hu\/wp-json\/wp\/v2\/pages\/13875\/revisions"}],"predecessor-version":[{"id":14430,"href":"https:\/\/artinoffice.org\/hu\/wp-json\/wp\/v2\/pages\/13875\/revisions\/14430"}],"wp:attachment":[{"href":"https:\/\/artinoffice.org\/hu\/wp-json\/wp\/v2\/media?parent=13875"}],"curies":[{"name":"wp","href":"https:\/\/api.w.org\/{rel}","templated":true}]}}