{"id":13881,"date":"2024-12-13T15:17:11","date_gmt":"2024-12-13T14:17:11","guid":{"rendered":"https:\/\/artinoffice.org\/?page_id=13881"},"modified":"2025-03-26T11:36:03","modified_gmt":"2025-03-26T10:36:03","slug":"rolunk","status":"publish","type":"page","link":"https:\/\/artinoffice.org\/hu\/rolunk\/","title":{"rendered":"R\u00f3lunk"},"content":{"rendered":"<section class=\"l-section wpb_row us_custom_6e704393 height_medium with_img parallax_ver parallaxdir_reversed with_shape\"><div class=\"l-section-img\" data-img-width=\"1077\" data-img-height=\"1080\" style=\"background-image: url(https:\/\/artinoffice.org\/wp-content\/uploads\/2025\/03\/Tukrozodes_2013_100x100_Kalocsai-Eniko.webp);\"><\/div><div class=\"l-section-overlay\" style=\"background:rgba(37,40,43,0.75)\"><\/div><div class=\"l-section-shape type_tilt pos_bottom hor_flip\" style=\"height:5vmin;\"><svg xmlns=\"http:\/\/www.w3.org\/2000\/svg\" viewBox=\"0 0 64 8\" preserveAspectRatio=\"none\" width=\"100%\" height=\"100%\">\n\t<path fill=\"currentColor\" d=\"M64 7.9 L64 10 L0 10 L0 0 Z\"\/>\n<\/svg><\/div><div class=\"l-section-h i-cf\"><div class=\"g-cols vc_row via_flex valign_top type_default stacking_default\"><div class=\"vc_col-sm-12 wpb_column vc_column_container\"><div class=\"vc_column-inner\"><div class=\"wpb_wrapper\">[vc_custom_heading text=&#8221;R\u00f3lunk&#8221; font_container=&#8221;tag:h1|font_size:40px|text_align:center|color:%23ffffff&#8221; use_theme_fonts=&#8221;yes&#8221; css=&#8221;%7B%22default%22%3A%7B%22font-weight%22%3A%22800%22%2C%22margin-bottom%22%3A%221rem%22%7D%7D&#8221;]<div class=\"w-image us_custom_b11477bb align_none\"><div class=\"w-image-h\"><img loading=\"lazy\" decoding=\"async\" width=\"1024\" height=\"1024\" src=\"https:\/\/artinoffice.org\/wp-content\/uploads\/2023\/09\/elvalaszto-sarga-1.svg\" class=\"attachment-large size-large\" alt=\"\" \/><\/div><\/div><\/div><\/div><\/div><\/div><\/div><\/section><section class=\"l-section wpb_row height_medium\"><div class=\"l-section-h i-cf\"><div class=\"g-cols vc_row via_flex valign_top type_default stacking_default\"><div class=\"vc_col-sm-12 wpb_column vc_column_container\"><div class=\"vc_column-inner us_custom_13070f23\"><div class=\"wpb_wrapper\"><div class=\"wpb_text_column\"><div class=\"wpb_wrapper\"><p style=\"text-align: justify;\">Az ARTinOffice egy dinamikus \u00e9s kreat\u00edv k\u00f6z\u00f6ss\u00e9g, amely elk\u00f6telezett a m\u0171v\u00e9szet \u00e9s az innov\u00e1ci\u00f3 ir\u00e1nt. C\u00e9lunk, hogy inspir\u00e1l\u00f3 \u00e9s fenntarthat\u00f3 munkak\u00f6rnyezetet teremts\u00fcnk, ahol a m\u0171v\u00e9szet \u00e9s a technol\u00f3gia tal\u00e1lkozik.<\/p>\n<p style=\"text-align: justify;\">Csapatunk k\u00fcl\u00f6nb\u00f6z\u0151 ter\u00fcletekr\u0151l \u00e9rkez\u0151 szakemberekb\u0151l \u00e1ll, akik k\u00f6z\u00f6s szenved\u00e9lye a kreativit\u00e1s \u00e9s az \u00faj\u00edt\u00f3 gondolkod\u00e1s. Egy\u00fctt dolgozunk azon, hogy olyan projekteket val\u00f3s\u00edtsunk meg, amelyek nemcsak eszt\u00e9tikai \u00e9lm\u00e9nyt ny\u00fajtanak, hanem hozz\u00e1j\u00e1rulnak a fenntarthat\u00f3 j\u00f6v\u0151 \u00e9p\u00edt\u00e9s\u00e9hez is.<\/p>\n<p style=\"text-align: justify;\">Az elm\u00falt h\u00f3napokban k\u00fcl\u00f6n\u00f6sen izgalmas id\u0151szakot \u00e9lt\u00fcnk meg, hiszen \u00faj egy\u00fcttm\u0171k\u00f6d\u00e9seket ind\u00edtottunk, \u00e9s \u00faj \u00f6tleteket val\u00f3s\u00edtottunk meg.<\/p>\n<p style=\"text-align: justify;\">Csatlakozz hozz\u00e1nk, \u00e9s fedezd fel, hogyan form\u00e1ljuk egy\u00fctt a munka vil\u00e1g\u00e1t m\u0171v\u00e9szettel \u00e9s innov\u00e1ci\u00f3val!<\/p>\n<\/div><\/div><\/div><\/div><\/div><div class=\"vc_col-sm-6 wpb_column vc_column_container\"><div class=\"vc_column-inner us_custom_1ef81b57\"><div class=\"wpb_wrapper\"><div class=\"w-hwrapper align_left valign_middle\" style=\"--hwrapper-gap:1rem\"><div class=\"w-image align_left\"><div class=\"w-image-h\"><img loading=\"lazy\" decoding=\"async\" width=\"233\" height=\"200\" src=\"https:\/\/artinoffice.org\/wp-content\/uploads\/2024\/12\/bacs-zoltan-aoi-ceo-fhd.webp\" class=\"attachment-us_600_200 size-us_600_200\" alt=\"\" srcset=\"https:\/\/artinoffice.org\/wp-content\/uploads\/2024\/12\/bacs-zoltan-aoi-ceo-fhd.webp 1920w, https:\/\/artinoffice.org\/wp-content\/uploads\/2024\/12\/bacs-zoltan-aoi-ceo-fhd-300x258.webp 300w, https:\/\/artinoffice.org\/wp-content\/uploads\/2024\/12\/bacs-zoltan-aoi-ceo-fhd-1024x879.webp 1024w, https:\/\/artinoffice.org\/wp-content\/uploads\/2024\/12\/bacs-zoltan-aoi-ceo-fhd-1320x1134.webp 1320w\" sizes=\"auto, (max-width: 233px) 100vw, 233px\" \/><\/div><\/div><div class=\"w-vwrapper align_none valign_top\" style=\"--vwrapper-gap:1rem\"><div class=\"w-image us_custom_2d86b3f2 align_left\"><a href=\"https:\/\/www.artofinfo.eu\/hu\" aria-label=\"Link\" class=\"w-image-h\"><img loading=\"lazy\" decoding=\"async\" width=\"1920\" height=\"296\" src=\"https:\/\/artinoffice.org\/wp-content\/uploads\/2024\/12\/artofinfo-logo-fhd.webp\" class=\"attachment-full size-full\" alt=\"\" srcset=\"https:\/\/artinoffice.org\/wp-content\/uploads\/2024\/12\/artofinfo-logo-fhd.webp 1920w, https:\/\/artinoffice.org\/wp-content\/uploads\/2024\/12\/artofinfo-logo-fhd-300x46.webp 300w, https:\/\/artinoffice.org\/wp-content\/uploads\/2024\/12\/artofinfo-logo-fhd-1024x158.webp 1024w, https:\/\/artinoffice.org\/wp-content\/uploads\/2024\/12\/artofinfo-logo-fhd-1320x204.webp 1320w\" sizes=\"auto, (max-width: 1920px) 100vw, 1920px\" \/><\/a><\/div>[vc_custom_heading text=&#8221;B\u00e1cs Zolt\u00e1n Szabolcs&#8221; font_container=&#8221;tag:p|text_align:left&#8221; use_theme_fonts=&#8221;yes&#8221; css=&#8221;%7B%22default%22%3A%7B%22text-align%22%3A%22left%22%2C%22font-size%22%3A%221.4em%22%2C%22font-family%22%3A%22body%22%2C%22font-weight%22%3A%22600%22%2C%22margin-bottom%22%3A%220%22%7D%7D&#8221;][vc_custom_heading text=&#8221;\u00fcgyvezet\u0151 igazgat\u00f3&#8221; font_container=&#8221;tag:p|text_align:left&#8221; use_theme_fonts=&#8221;yes&#8221; css=&#8221;%7B%22default%22%3A%7B%22text-align%22%3A%22left%22%2C%22font-size%22%3A%220.8em%22%2C%22font-family%22%3A%22body%22%2C%22font-weight%22%3A%22300%22%7D%7D&#8221;]<div class=\"w-socials us_custom_50315ac7 has_text_color color_brand shape_none\"><div class=\"w-socials-list\"><div class=\"w-socials-item linkedin\"><a class=\"w-socials-item-link\" href=\"https:\/\/www.linkedin.com\/in\/zolt\u00e1n-b\u00e1cs-29b64b6\/\" target=\"_blank\" rel=\"noopener nofollow\" title=\"LinkedIn\" aria-label=\"LinkedIn\"><span class=\"w-socials-item-link-hover\"><\/span><i class=\"fab fa-linkedin\"><\/i><\/a><\/div><\/div><\/div><\/div><\/div><div class=\"w-hwrapper us_custom_c4a4bb17 hide_on_default hide_on_laptops hide_on_tablets hide_on_mobiles align_left valign_middle\" style=\"--hwrapper-gap:1rem\"><div class=\"w-image align_left\"><div class=\"w-image-h\"><img loading=\"lazy\" decoding=\"async\" width=\"208\" height=\"200\" src=\"https:\/\/artinoffice.org\/wp-content\/uploads\/2025\/02\/gaspar-laszlo-aob-consulting-208x200.webp\" class=\"attachment-us_600_200 size-us_600_200\" alt=\"\" srcset=\"https:\/\/artinoffice.org\/wp-content\/uploads\/2025\/02\/gaspar-laszlo-aob-consulting-208x200.webp 208w, https:\/\/artinoffice.org\/wp-content\/uploads\/2025\/02\/gaspar-laszlo-aob-consulting-300x289.webp 300w, https:\/\/artinoffice.org\/wp-content\/uploads\/2025\/02\/gaspar-laszlo-aob-consulting-1024x986.webp 1024w, https:\/\/artinoffice.org\/wp-content\/uploads\/2025\/02\/gaspar-laszlo-aob-consulting-52x50.webp 52w, https:\/\/artinoffice.org\/wp-content\/uploads\/2025\/02\/gaspar-laszlo-aob-consulting-1320x1271.webp 1320w, https:\/\/artinoffice.org\/wp-content\/uploads\/2025\/02\/gaspar-laszlo-aob-consulting.webp 1920w\" sizes=\"auto, (max-width: 208px) 100vw, 208px\" \/><\/div><\/div><div class=\"w-vwrapper us_custom_4da4b8e7 align_none valign_top\" style=\"--vwrapper-gap:1rem\"><div class=\"w-image us_custom_5a186102 align_left\"><a href=\"https:\/\/www.aob.consulting\/\" aria-label=\"Link\" class=\"w-image-h\"><img loading=\"lazy\" decoding=\"async\" width=\"418\" height=\"249\" src=\"https:\/\/artinoffice.org\/wp-content\/uploads\/2025\/03\/art_of_business_logo_color.webp\" class=\"attachment-full size-full\" alt=\"\" srcset=\"https:\/\/artinoffice.org\/wp-content\/uploads\/2025\/03\/art_of_business_logo_color.webp 418w, https:\/\/artinoffice.org\/wp-content\/uploads\/2025\/03\/art_of_business_logo_color-300x179.webp 300w, https:\/\/artinoffice.org\/wp-content\/uploads\/2025\/03\/art_of_business_logo_color-336x200.webp 336w, https:\/\/artinoffice.org\/wp-content\/uploads\/2025\/03\/art_of_business_logo_color-84x50.webp 84w\" sizes=\"auto, (max-width: 418px) 100vw, 418px\" \/><\/a><\/div>[vc_custom_heading text=&#8221;G\u00e1sp\u00e1r L\u00e1szl\u00f3&#8221; font_container=&#8221;tag:p|text_align:left&#8221; use_theme_fonts=&#8221;yes&#8221; css=&#8221;%7B%22default%22%3A%7B%22text-align%22%3A%22left%22%2C%22font-size%22%3A%221.4em%22%2C%22font-family%22%3A%22body%22%2C%22font-weight%22%3A%22600%22%2C%22margin-bottom%22%3A%220%22%7D%7D&#8221;][vc_custom_heading text=&#8221;\u00fcgyvezet\u0151 igazgat\u00f3&#8221; font_container=&#8221;tag:p|text_align:left&#8221; use_theme_fonts=&#8221;yes&#8221; css=&#8221;%7B%22default%22%3A%7B%22text-align%22%3A%22left%22%2C%22font-size%22%3A%220.8em%22%2C%22font-family%22%3A%22body%22%2C%22font-weight%22%3A%22300%22%7D%7D&#8221;]<div class=\"w-socials us_custom_50315ac7 has_text_color color_brand shape_none\"><div class=\"w-socials-list\"><div class=\"w-socials-item linkedin\"><a class=\"w-socials-item-link\" href=\"https:\/\/www.linkedin.com\/in\/laszlo-gaspar-72797356\/\" target=\"_blank\" rel=\"noopener nofollow\" title=\"LinkedIn\" aria-label=\"LinkedIn\"><span class=\"w-socials-item-link-hover\"><\/span><i class=\"fab fa-linkedin\"><\/i><\/a><\/div><\/div><\/div><\/div><\/div><\/div><\/div><\/div><div class=\"vc_col-sm-6 wpb_column vc_column_container\"><div class=\"vc_column-inner us_custom_1ef81b57\"><div class=\"wpb_wrapper\"><div class=\"w-hwrapper align_left valign_middle\" style=\"--hwrapper-gap:1rem\"><div class=\"w-image align_left\"><div class=\"w-image-h\"><img loading=\"lazy\" decoding=\"async\" width=\"233\" height=\"200\" src=\"https:\/\/artinoffice.org\/wp-content\/uploads\/2024\/12\/dr-keresztes-attila-fhd.webp\" class=\"attachment-us_600_200 size-us_600_200\" alt=\"\" srcset=\"https:\/\/artinoffice.org\/wp-content\/uploads\/2024\/12\/dr-keresztes-attila-fhd.webp 1920w, https:\/\/artinoffice.org\/wp-content\/uploads\/2024\/12\/dr-keresztes-attila-fhd-300x258.webp 300w, https:\/\/artinoffice.org\/wp-content\/uploads\/2024\/12\/dr-keresztes-attila-fhd-1024x879.webp 1024w, https:\/\/artinoffice.org\/wp-content\/uploads\/2024\/12\/dr-keresztes-attila-fhd-1320x1134.webp 1320w\" sizes=\"auto, (max-width: 233px) 100vw, 233px\" \/><\/div><\/div><div class=\"w-vwrapper align_none valign_top\" style=\"--vwrapper-gap:1rem\"><div class=\"w-image us_custom_b4bc7f27 align_left\"><a href=\"https:\/\/astrasun.hu\/\" aria-label=\"Link\" class=\"w-image-h\"><img loading=\"lazy\" decoding=\"async\" width=\"662\" height=\"140\" src=\"https:\/\/artinoffice.org\/wp-content\/uploads\/2024\/12\/astrasun-logo.png\" class=\"attachment-full size-full\" alt=\"\" srcset=\"https:\/\/artinoffice.org\/wp-content\/uploads\/2024\/12\/astrasun-logo.png 662w, https:\/\/artinoffice.org\/wp-content\/uploads\/2024\/12\/astrasun-logo-300x63.png 300w, https:\/\/artinoffice.org\/wp-content\/uploads\/2024\/12\/astrasun-logo-600x127.png 600w, https:\/\/artinoffice.org\/wp-content\/uploads\/2024\/12\/astrasun-logo-236x50.png 236w\" sizes=\"auto, (max-width: 662px) 100vw, 662px\" \/><\/a><\/div>[vc_custom_heading text=&#8221;dr. Keresztes Attila Tam\u00e1s&#8221; font_container=&#8221;tag:p|text_align:left&#8221; use_theme_fonts=&#8221;yes&#8221; css=&#8221;%7B%22default%22%3A%7B%22text-align%22%3A%22left%22%2C%22font-size%22%3A%221.4em%22%2C%22font-family%22%3A%22body%22%2C%22font-weight%22%3A%22600%22%2C%22margin-bottom%22%3A%220%22%7D%7D&#8221;][vc_custom_heading text=&#8221;igazgat\u00f3s\u00e1g eln\u00f6ke, befektet\u0151i kapcsolattart\u00f3&#8221; font_container=&#8221;tag:p|text_align:left&#8221; use_theme_fonts=&#8221;yes&#8221; css=&#8221;%7B%22default%22%3A%7B%22text-align%22%3A%22left%22%2C%22font-size%22%3A%220.8em%22%2C%22font-family%22%3A%22body%22%2C%22font-weight%22%3A%22300%22%7D%7D&#8221;]<div class=\"w-socials us_custom_50315ac7 has_text_color color_brand shape_none\"><div class=\"w-socials-list\"><div class=\"w-socials-item linkedin\"><a class=\"w-socials-item-link\" href=\"https:\/\/www.linkedin.com\/in\/attila-keresztes-5b064569\/\" target=\"_blank\" rel=\"noopener nofollow\" title=\"LinkedIn\" aria-label=\"LinkedIn\"><span class=\"w-socials-item-link-hover\"><\/span><i class=\"fab fa-linkedin\"><\/i><\/a><\/div><\/div><\/div><\/div><\/div><\/div><\/div><\/div><\/div><\/div><\/section>\n","protected":false},"excerpt":{"rendered":"[vc_custom_heading text=\"R\u00f3lunk\" font_container=\"tag:h1|font_size:40px|text_align:center|color:%23ffffff\" use_theme_fonts=\"yes\" css=\"%7B%22default%22%3A%7B%22font-weight%22%3A%22800%22%2C%22margin-bottom%22%3A%221rem%22%7D%7D\"]Az ARTinOffice egy dinamikus \u00e9s kreat\u00edv k\u00f6z\u00f6ss\u00e9g, amely elk\u00f6telezett a m\u0171v\u00e9szet \u00e9s az innov\u00e1ci\u00f3 ir\u00e1nt. C\u00e9lunk, hogy inspir\u00e1l\u00f3 \u00e9s fenntarthat\u00f3 munkak\u00f6rnyezetet teremts\u00fcnk, ahol a m\u0171v\u00e9szet \u00e9s a technol\u00f3gia tal\u00e1lkozik. Csapatunk k\u00fcl\u00f6nb\u00f6z\u0151 ter\u00fcletekr\u0151l \u00e9rkez\u0151 szakemberekb\u0151l \u00e1ll, akik k\u00f6z\u00f6s szenved\u00e9lye a kreativit\u00e1s \u00e9s az \u00faj\u00edt\u00f3 gondolkod\u00e1s. Egy\u00fctt dolgozunk azon, hogy olyan projekteket val\u00f3s\u00edtsunk...","protected":false},"author":123457,"featured_media":0,"parent":0,"menu_order":0,"comment_status":"closed","ping_status":"closed","template":"","meta":{"_acf_changed":false,"footnotes":""},"class_list":["post-13881","page","type-page","status-publish","hentry"],"acf":[],"yoast_head":"<!-- This site is optimized with the Yoast SEO plugin v24.7 - https:\/\/yoast.com\/wordpress\/plugins\/seo\/ -->\n<title>R\u00f3lunk - ARTinOFFICE<\/title>\n<meta name=\"robots\" content=\"index, follow, max-snippet:-1, max-image-preview:large, max-video-preview:-1\" \/>\n<link rel=\"canonical\" href=\"https:\/\/artinoffice.org\/hu\/rolunk\/\" \/>\n<meta property=\"og:locale\" content=\"hu_HU\" \/>\n<meta property=\"og:type\" content=\"article\" \/>\n<meta property=\"og:title\" content=\"R\u00f3lunk - ARTinOFFICE\" \/>\n<meta property=\"og:url\" content=\"https:\/\/artinoffice.org\/hu\/rolunk\/\" \/>\n<meta property=\"og:site_name\" content=\"ARTinOFFICE\" \/>\n<meta property=\"article:publisher\" content=\"https:\/\/www.facebook.com\/artofinfo\/\" \/>\n<meta property=\"article:modified_time\" content=\"2025-03-26T10:36:03+00:00\" \/>\n<meta name=\"twitter:card\" content=\"summary_large_image\" \/>\n<meta name=\"twitter:label1\" content=\"Becs\u00fclt olvas\u00e1si id\u0151\" \/>\n\t<meta name=\"twitter:data1\" content=\"3 perc\" \/>\n<script type=\"application\/ld+json\" class=\"yoast-schema-graph\">{\"@context\":\"https:\/\/schema.org\",\"@graph\":[{\"@type\":\"WebPage\",\"@id\":\"https:\/\/artinoffice.org\/hu\/rolunk\/\",\"url\":\"https:\/\/artinoffice.org\/hu\/rolunk\/\",\"name\":\"R\u00f3lunk - ARTinOFFICE\",\"isPartOf\":{\"@id\":\"\/#website\"},\"datePublished\":\"2024-12-13T14:17:11+00:00\",\"dateModified\":\"2025-03-26T10:36:03+00:00\",\"breadcrumb\":{\"@id\":\"https:\/\/artinoffice.org\/hu\/rolunk\/#breadcrumb\"},\"inLanguage\":\"hu\",\"potentialAction\":[{\"@type\":\"ReadAction\",\"target\":[\"https:\/\/artinoffice.org\/hu\/rolunk\/\"]}]},{\"@type\":\"BreadcrumbList\",\"@id\":\"https:\/\/artinoffice.org\/hu\/rolunk\/#breadcrumb\",\"itemListElement\":[{\"@type\":\"ListItem\",\"position\":1,\"name\":\"Home\",\"item\":\"https:\/\/artinoffice.org\/hu\/\"},{\"@type\":\"ListItem\",\"position\":2,\"name\":\"R\u00f3lunk\"}]},{\"@type\":\"WebSite\",\"@id\":\"\/#website\",\"url\":\"\/\",\"name\":\"artofinfo\",\"description\":\"\",\"publisher\":{\"@id\":\"\/#organization\"},\"potentialAction\":[{\"@type\":\"SearchAction\",\"target\":{\"@type\":\"EntryPoint\",\"urlTemplate\":\"\/?s={search_term_string}\"},\"query-input\":{\"@type\":\"PropertyValueSpecification\",\"valueRequired\":true,\"valueName\":\"search_term_string\"}}],\"inLanguage\":\"hu\"},{\"@type\":\"Organization\",\"@id\":\"\/#organization\",\"name\":\"ARTofINFO Kft.\",\"url\":\"\/\",\"logo\":{\"@type\":\"ImageObject\",\"inLanguage\":\"hu\",\"@id\":\"\/#\/schema\/logo\/image\/\",\"url\":\"http:\/\/artinoffice.org\/wp-content\/uploads\/2023\/09\/artofinfo_logo_website.svg\",\"contentUrl\":\"http:\/\/artinoffice.org\/wp-content\/uploads\/2023\/09\/artofinfo_logo_website.svg\",\"width\":\"1024\",\"height\":\"1024\",\"caption\":\"ARTofINFO Kft.\"},\"image\":{\"@id\":\"\/#\/schema\/logo\/image\/\"},\"sameAs\":[\"https:\/\/www.facebook.com\/artofinfo\/\",\"https:\/\/www.instagram.com\/artofinfokft\/\",\"https:\/\/hu.linkedin.com\/company\/artofinfo\",\"https:\/\/dreamjobs.hu\/hu\/company\/artofinfo-kft\"]}]}<\/script>\n<!-- \/ Yoast SEO plugin. -->","yoast_head_json":{"title":"R\u00f3lunk - ARTinOFFICE","robots":{"index":"index","follow":"follow","max-snippet":"max-snippet:-1","max-image-preview":"max-image-preview:large","max-video-preview":"max-video-preview:-1"},"canonical":"https:\/\/artinoffice.org\/hu\/rolunk\/","og_locale":"hu_HU","og_type":"article","og_title":"R\u00f3lunk - ARTinOFFICE","og_url":"https:\/\/artinoffice.org\/hu\/rolunk\/","og_site_name":"ARTinOFFICE","article_publisher":"https:\/\/www.facebook.com\/artofinfo\/","article_modified_time":"2025-03-26T10:36:03+00:00","twitter_card":"summary_large_image","twitter_misc":{"Becs\u00fclt olvas\u00e1si id\u0151":"3 perc"},"schema":{"@context":"https:\/\/schema.org","@graph":[{"@type":"WebPage","@id":"https:\/\/artinoffice.org\/hu\/rolunk\/","url":"https:\/\/artinoffice.org\/hu\/rolunk\/","name":"R\u00f3lunk - ARTinOFFICE","isPartOf":{"@id":"\/#website"},"datePublished":"2024-12-13T14:17:11+00:00","dateModified":"2025-03-26T10:36:03+00:00","breadcrumb":{"@id":"https:\/\/artinoffice.org\/hu\/rolunk\/#breadcrumb"},"inLanguage":"hu","potentialAction":[{"@type":"ReadAction","target":["https:\/\/artinoffice.org\/hu\/rolunk\/"]}]},{"@type":"BreadcrumbList","@id":"https:\/\/artinoffice.org\/hu\/rolunk\/#breadcrumb","itemListElement":[{"@type":"ListItem","position":1,"name":"Home","item":"https:\/\/artinoffice.org\/hu\/"},{"@type":"ListItem","position":2,"name":"R\u00f3lunk"}]},{"@type":"WebSite","@id":"\/#website","url":"\/","name":"artofinfo","description":"","publisher":{"@id":"\/#organization"},"potentialAction":[{"@type":"SearchAction","target":{"@type":"EntryPoint","urlTemplate":"\/?s={search_term_string}"},"query-input":{"@type":"PropertyValueSpecification","valueRequired":true,"valueName":"search_term_string"}}],"inLanguage":"hu"},{"@type":"Organization","@id":"\/#organization","name":"ARTofINFO Kft.","url":"\/","logo":{"@type":"ImageObject","inLanguage":"hu","@id":"\/#\/schema\/logo\/image\/","url":"http:\/\/artinoffice.org\/wp-content\/uploads\/2023\/09\/artofinfo_logo_website.svg","contentUrl":"http:\/\/artinoffice.org\/wp-content\/uploads\/2023\/09\/artofinfo_logo_website.svg","width":"1024","height":"1024","caption":"ARTofINFO Kft."},"image":{"@id":"\/#\/schema\/logo\/image\/"},"sameAs":["https:\/\/www.facebook.com\/artofinfo\/","https:\/\/www.instagram.com\/artofinfokft\/","https:\/\/hu.linkedin.com\/company\/artofinfo","https:\/\/dreamjobs.hu\/hu\/company\/artofinfo-kft"]}]}},"_links":{"self":[{"href":"https:\/\/artinoffice.org\/hu\/wp-json\/wp\/v2\/pages\/13881","targetHints":{"allow":["GET"]}}],"collection":[{"href":"https:\/\/artinoffice.org\/hu\/wp-json\/wp\/v2\/pages"}],"about":[{"href":"https:\/\/artinoffice.org\/hu\/wp-json\/wp\/v2\/types\/page"}],"author":[{"embeddable":true,"href":"https:\/\/artinoffice.org\/hu\/wp-json\/wp\/v2\/users\/123457"}],"replies":[{"embeddable":true,"href":"https:\/\/artinoffice.org\/hu\/wp-json\/wp\/v2\/comments?post=13881"}],"version-history":[{"count":80,"href":"https:\/\/artinoffice.org\/hu\/wp-json\/wp\/v2\/pages\/13881\/revisions"}],"predecessor-version":[{"id":14338,"href":"https:\/\/artinoffice.org\/hu\/wp-json\/wp\/v2\/pages\/13881\/revisions\/14338"}],"wp:attachment":[{"href":"https:\/\/artinoffice.org\/hu\/wp-json\/wp\/v2\/media?parent=13881"}],"curies":[{"name":"wp","href":"https:\/\/api.w.org\/{rel}","templated":true}]}}