{"id":14388,"date":"2025-04-03T14:36:47","date_gmt":"2025-04-03T13:36:47","guid":{"rendered":"https:\/\/artinoffice.org\/?page_id=14388"},"modified":"2025-04-03T14:36:47","modified_gmt":"2025-04-03T13:36:47","slug":"kapcsolat","status":"publish","type":"page","link":"https:\/\/artinoffice.org\/hu\/kapcsolat\/","title":{"rendered":"Kapcsolat"},"content":{"rendered":"<section class=\"l-section wpb_row us_custom_6e704393 height_medium with_img parallax_ver parallaxdir_reversed with_shape\"><div class=\"l-section-img\" data-img-width=\"1077\" data-img-height=\"1080\" style=\"background-image: url(https:\/\/artinoffice.org\/wp-content\/uploads\/2025\/03\/Tukrozodes_2013_100x100_Kalocsai-Eniko.webp);\"><\/div><div class=\"l-section-overlay\" style=\"background:rgba(37,40,43,0.75)\"><\/div><div class=\"l-section-shape type_tilt pos_bottom hor_flip\" style=\"height:5vmin;\"><svg xmlns=\"http:\/\/www.w3.org\/2000\/svg\" viewBox=\"0 0 64 8\" preserveAspectRatio=\"none\" width=\"100%\" height=\"100%\">\n\t<path fill=\"currentColor\" d=\"M64 7.9 L64 10 L0 10 L0 0 Z\"\/>\n<\/svg><\/div><div class=\"l-section-h i-cf\"><div class=\"g-cols vc_row via_flex valign_top type_default stacking_default\"><div class=\"vc_col-sm-12 wpb_column vc_column_container\"><div class=\"vc_column-inner\"><div class=\"wpb_wrapper\">[vc_custom_heading text=&#8221;Kapcsolat&#8221; font_container=&#8221;tag:h1|font_size:40px|text_align:center|color:%23ffffff&#8221; use_theme_fonts=&#8221;yes&#8221; css=&#8221;%7B%22default%22%3A%7B%22font-weight%22%3A%22800%22%2C%22margin-bottom%22%3A%221rem%22%7D%7D&#8221;]<div class=\"w-image us_custom_b11477bb align_none\"><div class=\"w-image-h\"><img loading=\"lazy\" decoding=\"async\" width=\"1024\" height=\"1024\" src=\"https:\/\/artinoffice.org\/wp-content\/uploads\/2023\/09\/elvalaszto-sarga-1.svg\" class=\"attachment-large size-large\" alt=\"\" \/><\/div><\/div><\/div><\/div><\/div><\/div><\/div><\/section><section class=\"l-section wpb_row height_medium\"><div class=\"l-section-h i-cf\"><div class=\"g-cols vc_row via_flex valign_top type_default stacking_default\"><div class=\"vc_col-sm-12 wpb_column vc_column_container\"><div class=\"vc_column-inner\"><div class=\"wpb_wrapper\">\n<div class=\"wpcf7 no-js\" id=\"wpcf7-f14384-o1\" lang=\"hu-HU\" dir=\"ltr\" data-wpcf7-id=\"14384\">\n<div class=\"screen-reader-response\"><p role=\"status\" aria-live=\"polite\" aria-atomic=\"true\"><\/p> <ul><\/ul><\/div>\n<form action=\"\/hu\/wp-json\/wp\/v2\/pages\/14388#wpcf7-f14384-o1\" method=\"post\" class=\"wpcf7-form init\" aria-label=\"Kapcsolatfelv\u00e9teli \u0171rlap\" novalidate=\"novalidate\" data-status=\"init\">\n<div style=\"display: none;\">\n<input type=\"hidden\" name=\"_wpcf7\" value=\"14384\" \/>\n<input type=\"hidden\" name=\"_wpcf7_version\" value=\"6.0.5\" \/>\n<input type=\"hidden\" name=\"_wpcf7_locale\" value=\"hu_HU\" \/>\n<input type=\"hidden\" name=\"_wpcf7_unit_tag\" value=\"wpcf7-f14384-o1\" \/>\n<input type=\"hidden\" name=\"_wpcf7_container_post\" value=\"0\" \/>\n<input type=\"hidden\" name=\"_wpcf7_posted_data_hash\" value=\"\" \/>\n<\/div>\n<p><label> <b>Vezet\u00e9kn\u00e9v<\/b><br \/>\n<span class=\"wpcf7-form-control-wrap\" data-name=\"last-name\"><input size=\"40\" maxlength=\"400\" class=\"wpcf7-form-control wpcf7-text wpcf7-validates-as-required\" aria-required=\"true\" aria-invalid=\"false\" placeholder=\"Vezet\u00e9kn\u00e9v\" value=\"\" type=\"text\" name=\"last-name\" \/><\/span><br \/>\n<\/label>\n<\/p>\n<p><label> <b>Keresztn\u00e9v<\/b><br \/>\n<span class=\"wpcf7-form-control-wrap\" data-name=\"first-name\"><input size=\"40\" maxlength=\"400\" class=\"wpcf7-form-control wpcf7-text wpcf7-validates-as-required\" aria-required=\"true\" aria-invalid=\"false\" placeholder=\"Keresztn\u00e9v\" value=\"\" type=\"text\" name=\"first-name\" \/><\/span><br \/>\n<\/label>\n<\/p>\n<p><label> <b>E-mail c\u00edm<\/b><br \/>\n<span class=\"wpcf7-form-control-wrap\" data-name=\"email-address\"><input size=\"40\" maxlength=\"400\" class=\"wpcf7-form-control wpcf7-email wpcf7-validates-as-required wpcf7-text wpcf7-validates-as-email\" autocomplete=\"email\" aria-required=\"true\" aria-invalid=\"false\" placeholder=\"E-mail c\u00edm\" value=\"\" type=\"email\" name=\"email-address\" \/><\/span><br \/>\n<\/label>\n<\/p>\n<p><label> <b>Telefonsz\u00e1m<\/b><br \/>\n<span class=\"wpcf7-form-control-wrap\" data-name=\"phone-number\"><input size=\"40\" maxlength=\"400\" class=\"wpcf7-form-control wpcf7-tel wpcf7-validates-as-required wpcf7-text wpcf7-validates-as-tel\" aria-required=\"true\" aria-invalid=\"false\" placeholder=\"Telefonsz\u00e1m\" value=\"\" type=\"tel\" name=\"phone-number\" \/><\/span><br \/>\n<\/label>\n<\/p>\n<p><label> <b>C\u00e9gn\u00e9v<\/b><br \/>\n<span class=\"wpcf7-form-control-wrap\" data-name=\"company-name\"><input size=\"40\" maxlength=\"400\" class=\"wpcf7-form-control wpcf7-text wpcf7-validates-as-required\" aria-required=\"true\" aria-invalid=\"false\" placeholder=\"C\u00e9gn\u00e9v\" value=\"\" type=\"text\" name=\"company-name\" \/><\/span><br \/>\n<\/label>\n<\/p>\n<p><label> <b>Titulus<\/b><br \/>\n<span class=\"wpcf7-form-control-wrap\" data-name=\"title\"><input size=\"40\" maxlength=\"400\" class=\"wpcf7-form-control wpcf7-text wpcf7-validates-as-required\" aria-required=\"true\" aria-invalid=\"false\" placeholder=\"Titulus\" value=\"\" type=\"text\" name=\"title\" \/><\/span><br \/>\n<\/label>\n<\/p>\n<p><span class=\"wpcf7-form-control-wrap\" data-name=\"adatkezelesi-tajekoztato\"><span class=\"wpcf7-form-control wpcf7-acceptance\"><span class=\"wpcf7-list-item\"><label><input type=\"checkbox\" name=\"adatkezelesi-tajekoztato\" value=\"1\" aria-invalid=\"false\" \/><span class=\"wpcf7-list-item-label\">Az <a href=\"#\"><b>adatkezel\u00e9si t\u00e1j\u00e9koztat\u00f3<\/b><\/a> ismeret\u00e9ben hozz\u00e1j\u00e1rulok a szem\u00e9lyes adataim kezel\u00e9s\u00e9hez.<\/span><\/label><\/span><\/span><\/span>\n<\/p>\n<p class=\"aiowps-captcha hide-when-displaying-tfa-input\"><label for=\"aiowps-captcha-answer\">K\u00e9rj\u00fck, adja meg a v\u00e1laszt sz\u00e1mjegyekkel:<\/label>\n<\/p>\n<div class=\"aiowps-captcha-equation hide-when-displaying-tfa-input\">\n\t<p><strong>h\u00e1rom &#43; tizenhat = <input type=\"hidden\" name=\"aiowps-captcha-string-info\" class=\"aiowps-captcha-string-info\" value=\"129nlcki69\" \/><input type=\"hidden\" name=\"aiowps-captcha-temp-string\" class=\"aiowps-captcha-temp-string\" value=\"1777570095\" \/><input type=\"text\" size=\"2\" class=\"aiowps-captcha-answer\" name=\"aiowps-captcha-answer\" value=\"\" autocomplete=\"off\" \/><\/strong>\n\t<\/p>\n<\/div>\n<p><span class='wpcf7-form-control-wrap' data-name='aiowps-captcha'><\/span>\n<\/p>\n<p><input class=\"wpcf7-form-control wpcf7-submit has-spinner\" type=\"submit\" value=\"K\u00fcld\u00e9s\" \/>\n<\/p><div class=\"wpcf7-response-output\" aria-hidden=\"true\"><\/div>\n<\/form>\n<\/div>\n<\/div><\/div><\/div><\/div><\/div><\/section><section class=\"l-section wpb_row hide_on_default hide_on_laptops hide_on_tablets hide_on_mobiles height_medium\"><div class=\"l-section-h i-cf\"><div class=\"g-cols vc_row via_flex valign_top type_default stacking_default\"><div class=\"vc_col-sm-12 wpb_column vc_column_container\"><div class=\"vc_column-inner us_custom_13070f23\"><div class=\"wpb_wrapper\"><div class=\"wpb_text_column\"><div class=\"wpb_wrapper\"><p style=\"text-align: justify;\">Az ARTinOffice egy dinamikus \u00e9s kreat\u00edv k\u00f6z\u00f6ss\u00e9g, amely elk\u00f6telezett a m\u0171v\u00e9szet \u00e9s az innov\u00e1ci\u00f3 ir\u00e1nt. C\u00e9lunk, hogy inspir\u00e1l\u00f3 \u00e9s fenntarthat\u00f3 munkak\u00f6rnyezetet teremts\u00fcnk, ahol a m\u0171v\u00e9szet \u00e9s a technol\u00f3gia tal\u00e1lkozik.<\/p>\n<p style=\"text-align: justify;\">Csapatunk k\u00fcl\u00f6nb\u00f6z\u0151 ter\u00fcletekr\u0151l \u00e9rkez\u0151 szakemberekb\u0151l \u00e1ll, akik k\u00f6z\u00f6s szenved\u00e9lye a kreativit\u00e1s \u00e9s az \u00faj\u00edt\u00f3 gondolkod\u00e1s. Egy\u00fctt dolgozunk azon, hogy olyan projekteket val\u00f3s\u00edtsunk meg, amelyek nemcsak eszt\u00e9tikai \u00e9lm\u00e9nyt ny\u00fajtanak, hanem hozz\u00e1j\u00e1rulnak a fenntarthat\u00f3 j\u00f6v\u0151 \u00e9p\u00edt\u00e9s\u00e9hez is.<\/p>\n<p style=\"text-align: justify;\">Az elm\u00falt h\u00f3napokban k\u00fcl\u00f6n\u00f6sen izgalmas id\u0151szakot \u00e9lt\u00fcnk meg, hiszen \u00faj egy\u00fcttm\u0171k\u00f6d\u00e9seket ind\u00edtottunk, \u00e9s \u00faj \u00f6tleteket val\u00f3s\u00edtottunk meg.<\/p>\n<p style=\"text-align: justify;\">Csatlakozz hozz\u00e1nk, \u00e9s fedezd fel, hogyan form\u00e1ljuk egy\u00fctt a munka vil\u00e1g\u00e1t m\u0171v\u00e9szettel \u00e9s innov\u00e1ci\u00f3val!<\/p>\n<\/div><\/div><\/div><\/div><\/div><\/div><\/div><\/section>\n","protected":false},"excerpt":{"rendered":"[vc_custom_heading text=\"Kapcsolat\" font_container=\"tag:h1|font_size:40px|text_align:center|color:%23ffffff\" use_theme_fonts=\"yes\" css=\"%7B%22default%22%3A%7B%22font-weight%22%3A%22800%22%2C%22margin-bottom%22%3A%221rem%22%7D%7D\"] Vezet\u00e9kn\u00e9v Keresztn\u00e9v E-mail c\u00edm Telefonsz\u00e1m C\u00e9gn\u00e9v Titulus Az adatkezel\u00e9si t\u00e1j\u00e9koztat\u00f3 ismeret\u00e9ben hozz\u00e1j\u00e1rulok a szem\u00e9lyes adataim kezel\u00e9s\u00e9hez. K\u00e9rj\u00fck, adja meg a v\u00e1laszt sz\u00e1mjegyekkel: tizenegy &#8722; 4 = Az ARTinOffice egy dinamikus \u00e9s kreat\u00edv k\u00f6z\u00f6ss\u00e9g, amely elk\u00f6telezett a m\u0171v\u00e9szet \u00e9s az innov\u00e1ci\u00f3 ir\u00e1nt. C\u00e9lunk, hogy inspir\u00e1l\u00f3 \u00e9s fenntarthat\u00f3 munkak\u00f6rnyezetet teremts\u00fcnk, ahol a...","protected":false},"author":123463,"featured_media":0,"parent":0,"menu_order":0,"comment_status":"closed","ping_status":"closed","template":"","meta":{"_acf_changed":false,"footnotes":""},"class_list":["post-14388","page","type-page","status-publish","hentry"],"acf":[],"yoast_head":"<!-- This site is optimized with the Yoast SEO plugin v24.7 - https:\/\/yoast.com\/wordpress\/plugins\/seo\/ -->\n<title>Kapcsolat - ARTinOFFICE<\/title>\n<meta name=\"description\" content=\"L\u00e9pj vel\u00fcnk kapcsolatba egyszer\u0171en! T\u00f6ltsd ki az \u0171rlapot vagy keress minket el\u00e9rhet\u0151s\u00e9geinken \u2013 \u00f6r\u00f6mmel seg\u00edt\u00fcnk.\" \/>\n<meta name=\"robots\" content=\"index, follow, max-snippet:-1, max-image-preview:large, max-video-preview:-1\" \/>\n<link rel=\"canonical\" href=\"https:\/\/artinoffice.org\/hu\/kapcsolat\/\" \/>\n<meta property=\"og:locale\" content=\"hu_HU\" \/>\n<meta property=\"og:type\" content=\"article\" \/>\n<meta property=\"og:title\" content=\"Kapcsolat - ARTinOFFICE\" \/>\n<meta property=\"og:description\" content=\"L\u00e9pj vel\u00fcnk kapcsolatba egyszer\u0171en! T\u00f6ltsd ki az \u0171rlapot vagy keress minket el\u00e9rhet\u0151s\u00e9geinken \u2013 \u00f6r\u00f6mmel seg\u00edt\u00fcnk.\" \/>\n<meta property=\"og:url\" content=\"https:\/\/artinoffice.org\/hu\/kapcsolat\/\" \/>\n<meta property=\"og:site_name\" content=\"ARTinOFFICE\" \/>\n<meta property=\"article:publisher\" content=\"https:\/\/www.facebook.com\/artofinfo\/\" \/>\n<meta name=\"twitter:card\" content=\"summary_large_image\" \/>\n<meta name=\"twitter:label1\" content=\"Becs\u00fclt olvas\u00e1si id\u0151\" \/>\n\t<meta name=\"twitter:data1\" content=\"2 perc\" \/>\n<script type=\"application\/ld+json\" class=\"yoast-schema-graph\">{\"@context\":\"https:\/\/schema.org\",\"@graph\":[{\"@type\":\"WebPage\",\"@id\":\"https:\/\/artinoffice.org\/hu\/kapcsolat\/\",\"url\":\"https:\/\/artinoffice.org\/hu\/kapcsolat\/\",\"name\":\"Kapcsolat - ARTinOFFICE\",\"isPartOf\":{\"@id\":\"\/#website\"},\"datePublished\":\"2025-04-03T13:36:47+00:00\",\"description\":\"L\u00e9pj vel\u00fcnk kapcsolatba egyszer\u0171en! T\u00f6ltsd ki az \u0171rlapot vagy keress minket el\u00e9rhet\u0151s\u00e9geinken \u2013 \u00f6r\u00f6mmel seg\u00edt\u00fcnk.\",\"breadcrumb\":{\"@id\":\"https:\/\/artinoffice.org\/hu\/kapcsolat\/#breadcrumb\"},\"inLanguage\":\"hu\",\"potentialAction\":[{\"@type\":\"ReadAction\",\"target\":[\"https:\/\/artinoffice.org\/hu\/kapcsolat\/\"]}]},{\"@type\":\"BreadcrumbList\",\"@id\":\"https:\/\/artinoffice.org\/hu\/kapcsolat\/#breadcrumb\",\"itemListElement\":[{\"@type\":\"ListItem\",\"position\":1,\"name\":\"Home\",\"item\":\"https:\/\/artinoffice.org\/hu\/\"},{\"@type\":\"ListItem\",\"position\":2,\"name\":\"Kapcsolat\"}]},{\"@type\":\"WebSite\",\"@id\":\"\/#website\",\"url\":\"\/\",\"name\":\"artofinfo\",\"description\":\"\",\"publisher\":{\"@id\":\"\/#organization\"},\"potentialAction\":[{\"@type\":\"SearchAction\",\"target\":{\"@type\":\"EntryPoint\",\"urlTemplate\":\"\/?s={search_term_string}\"},\"query-input\":{\"@type\":\"PropertyValueSpecification\",\"valueRequired\":true,\"valueName\":\"search_term_string\"}}],\"inLanguage\":\"hu\"},{\"@type\":\"Organization\",\"@id\":\"\/#organization\",\"name\":\"ARTofINFO Kft.\",\"url\":\"\/\",\"logo\":{\"@type\":\"ImageObject\",\"inLanguage\":\"hu\",\"@id\":\"\/#\/schema\/logo\/image\/\",\"url\":\"http:\/\/artinoffice.org\/wp-content\/uploads\/2023\/09\/artofinfo_logo_website.svg\",\"contentUrl\":\"http:\/\/artinoffice.org\/wp-content\/uploads\/2023\/09\/artofinfo_logo_website.svg\",\"width\":\"1024\",\"height\":\"1024\",\"caption\":\"ARTofINFO Kft.\"},\"image\":{\"@id\":\"\/#\/schema\/logo\/image\/\"},\"sameAs\":[\"https:\/\/www.facebook.com\/artofinfo\/\",\"https:\/\/www.instagram.com\/artofinfokft\/\",\"https:\/\/hu.linkedin.com\/company\/artofinfo\",\"https:\/\/dreamjobs.hu\/hu\/company\/artofinfo-kft\"]}]}<\/script>\n<!-- \/ Yoast SEO plugin. -->","yoast_head_json":{"title":"Kapcsolat - ARTinOFFICE","description":"L\u00e9pj vel\u00fcnk kapcsolatba egyszer\u0171en! T\u00f6ltsd ki az \u0171rlapot vagy keress minket el\u00e9rhet\u0151s\u00e9geinken \u2013 \u00f6r\u00f6mmel seg\u00edt\u00fcnk.","robots":{"index":"index","follow":"follow","max-snippet":"max-snippet:-1","max-image-preview":"max-image-preview:large","max-video-preview":"max-video-preview:-1"},"canonical":"https:\/\/artinoffice.org\/hu\/kapcsolat\/","og_locale":"hu_HU","og_type":"article","og_title":"Kapcsolat - ARTinOFFICE","og_description":"L\u00e9pj vel\u00fcnk kapcsolatba egyszer\u0171en! T\u00f6ltsd ki az \u0171rlapot vagy keress minket el\u00e9rhet\u0151s\u00e9geinken \u2013 \u00f6r\u00f6mmel seg\u00edt\u00fcnk.","og_url":"https:\/\/artinoffice.org\/hu\/kapcsolat\/","og_site_name":"ARTinOFFICE","article_publisher":"https:\/\/www.facebook.com\/artofinfo\/","twitter_card":"summary_large_image","twitter_misc":{"Becs\u00fclt olvas\u00e1si id\u0151":"2 perc"},"schema":{"@context":"https:\/\/schema.org","@graph":[{"@type":"WebPage","@id":"https:\/\/artinoffice.org\/hu\/kapcsolat\/","url":"https:\/\/artinoffice.org\/hu\/kapcsolat\/","name":"Kapcsolat - ARTinOFFICE","isPartOf":{"@id":"\/#website"},"datePublished":"2025-04-03T13:36:47+00:00","description":"L\u00e9pj vel\u00fcnk kapcsolatba egyszer\u0171en! T\u00f6ltsd ki az \u0171rlapot vagy keress minket el\u00e9rhet\u0151s\u00e9geinken \u2013 \u00f6r\u00f6mmel seg\u00edt\u00fcnk.","breadcrumb":{"@id":"https:\/\/artinoffice.org\/hu\/kapcsolat\/#breadcrumb"},"inLanguage":"hu","potentialAction":[{"@type":"ReadAction","target":["https:\/\/artinoffice.org\/hu\/kapcsolat\/"]}]},{"@type":"BreadcrumbList","@id":"https:\/\/artinoffice.org\/hu\/kapcsolat\/#breadcrumb","itemListElement":[{"@type":"ListItem","position":1,"name":"Home","item":"https:\/\/artinoffice.org\/hu\/"},{"@type":"ListItem","position":2,"name":"Kapcsolat"}]},{"@type":"WebSite","@id":"\/#website","url":"\/","name":"artofinfo","description":"","publisher":{"@id":"\/#organization"},"potentialAction":[{"@type":"SearchAction","target":{"@type":"EntryPoint","urlTemplate":"\/?s={search_term_string}"},"query-input":{"@type":"PropertyValueSpecification","valueRequired":true,"valueName":"search_term_string"}}],"inLanguage":"hu"},{"@type":"Organization","@id":"\/#organization","name":"ARTofINFO Kft.","url":"\/","logo":{"@type":"ImageObject","inLanguage":"hu","@id":"\/#\/schema\/logo\/image\/","url":"http:\/\/artinoffice.org\/wp-content\/uploads\/2023\/09\/artofinfo_logo_website.svg","contentUrl":"http:\/\/artinoffice.org\/wp-content\/uploads\/2023\/09\/artofinfo_logo_website.svg","width":"1024","height":"1024","caption":"ARTofINFO Kft."},"image":{"@id":"\/#\/schema\/logo\/image\/"},"sameAs":["https:\/\/www.facebook.com\/artofinfo\/","https:\/\/www.instagram.com\/artofinfokft\/","https:\/\/hu.linkedin.com\/company\/artofinfo","https:\/\/dreamjobs.hu\/hu\/company\/artofinfo-kft"]}]}},"_links":{"self":[{"href":"https:\/\/artinoffice.org\/hu\/wp-json\/wp\/v2\/pages\/14388","targetHints":{"allow":["GET"]}}],"collection":[{"href":"https:\/\/artinoffice.org\/hu\/wp-json\/wp\/v2\/pages"}],"about":[{"href":"https:\/\/artinoffice.org\/hu\/wp-json\/wp\/v2\/types\/page"}],"author":[{"embeddable":true,"href":"https:\/\/artinoffice.org\/hu\/wp-json\/wp\/v2\/users\/123463"}],"replies":[{"embeddable":true,"href":"https:\/\/artinoffice.org\/hu\/wp-json\/wp\/v2\/comments?post=14388"}],"version-history":[{"count":3,"href":"https:\/\/artinoffice.org\/hu\/wp-json\/wp\/v2\/pages\/14388\/revisions"}],"predecessor-version":[{"id":14391,"href":"https:\/\/artinoffice.org\/hu\/wp-json\/wp\/v2\/pages\/14388\/revisions\/14391"}],"wp:attachment":[{"href":"https:\/\/artinoffice.org\/hu\/wp-json\/wp\/v2\/media?parent=14388"}],"curies":[{"name":"wp","href":"https:\/\/api.w.org\/{rel}","templated":true}]}}